{"id":5969,"date":"2025-10-27T12:28:55","date_gmt":"2025-10-27T12:28:55","guid":{"rendered":"https:\/\/paleturquoise-seahorse-905500.hostingersite.com\/?page_id=5969"},"modified":"2025-11-14T15:53:23","modified_gmt":"2025-11-14T15:53:23","slug":"application-form","status":"publish","type":"page","link":"https:\/\/groupesynapse.ca\/fr\/application-form\/","title":{"rendered":"Formulaire d'application"},"content":{"rendered":"\t\t<div data-elementor-type=\"wp-page\" data-elementor-id=\"5969\" class=\"elementor elementor-5969\" data-elementor-post-type=\"page\">\n\t\t\t\t<div class=\"elementor-element elementor-element-dc174f3 e-con-full e-flex e-con e-parent\" data-id=\"dc174f3\" data-element_type=\"container\" data-e-type=\"container\">\n\t\t<div class=\"elementor-element elementor-element-9690ce8 e-flex e-con-boxed e-con e-child\" data-id=\"9690ce8\" data-element_type=\"container\" data-e-type=\"container\" data-settings=\"{&quot;background_background&quot;:&quot;classic&quot;}\">\n\t\t\t\t\t<div class=\"e-con-inner\">\n\t\t\t\t<div class=\"elementor-element elementor-element-8ae1178 elementor-widget elementor-widget-heading\" data-id=\"8ae1178\" data-element_type=\"widget\" data-e-type=\"widget\" data-widget_type=\"heading.default\">\n\t\t\t\t<div class=\"elementor-widget-container\">\n\t\t\t\t\t<h1 class=\"elementor-heading-title elementor-size-default\">Application Form<\/h1>\t\t\t\t<\/div>\n\t\t\t\t<\/div>\n\t\t\t\t\t<\/div>\n\t\t\t\t<\/div>\n\t\t\t\t<\/div>\n\t\t<div class=\"elementor-element elementor-element-5d1b115 e-flex e-con-boxed e-con e-parent\" data-id=\"5d1b115\" data-element_type=\"container\" data-e-type=\"container\">\n\t\t\t\t\t<div class=\"e-con-inner\">\n\t\t<div class=\"elementor-element elementor-element-289c570 e-con-full e-flex e-con e-child\" data-id=\"289c570\" data-element_type=\"container\" data-e-type=\"container\" data-settings=\"{&quot;background_background&quot;:&quot;classic&quot;}\">\n\t\t\t\t<div class=\"elementor-element elementor-element-bfbef39 elementor-widget elementor-widget-heading\" data-id=\"bfbef39\" data-element_type=\"widget\" data-e-type=\"widget\" data-widget_type=\"heading.default\">\n\t\t\t\t<div class=\"elementor-widget-container\">\n\t\t\t\t\t<h3 class=\"elementor-heading-title elementor-size-default\">Apply for the job.<\/h3>\t\t\t\t<\/div>\n\t\t\t\t<\/div>\n\t\t\t\t<div class=\"elementor-element elementor-element-4ab60db elementor-widget elementor-widget-text-editor\" data-id=\"4ab60db\" data-element_type=\"widget\" data-e-type=\"widget\" data-widget_type=\"text-editor.default\">\n\t\t\t\t<div class=\"elementor-widget-container\">\n\t\t\t\t\t\t\t\t\t<p>Required all fields are filled*<\/p>\t\t\t\t\t\t\t\t<\/div>\n\t\t\t\t<\/div>\n\t\t\t\t<div class=\"elementor-element elementor-element-8ffe86f elementor-button-align-stretch elementor-widget elementor-widget-form\" data-id=\"8ffe86f\" data-element_type=\"widget\" data-e-type=\"widget\" data-settings=\"{&quot;step_next_label&quot;:&quot;Next&quot;,&quot;step_previous_label&quot;:&quot;Previous&quot;,&quot;button_width&quot;:&quot;100&quot;,&quot;step_type&quot;:&quot;number_text&quot;,&quot;step_icon_shape&quot;:&quot;circle&quot;}\" data-widget_type=\"form.default\">\n\t\t\t\t<div class=\"elementor-widget-container\">\n\t\t\t\t\t\t\t<form class=\"elementor-form\" method=\"post\" name=\"New Form\" aria-label=\"New Form\">\n\t\t\t<input type=\"hidden\" name=\"post_id\" value=\"5969\"\/>\n\t\t\t<input type=\"hidden\" name=\"form_id\" value=\"8ffe86f\"\/>\n\t\t\t<input type=\"hidden\" name=\"referer_title\" value=\"Postuler chez Groupe Synapse | Envoyez votre CV | Terrebonne\" \/>\n\n\t\t\t\t\t\t\t<input type=\"hidden\" name=\"queried_id\" value=\"5969\"\/>\n\t\t\t\n\t\t\t<div class=\"elementor-form-fields-wrapper elementor-labels-above\">\n\t\t\t\t\t\t\t\t<div class=\"elementor-field-type-text elementor-field-group elementor-column elementor-field-group-name elementor-col-50\">\n\t\t\t\t\t\t\t\t\t\t\t\t<label for=\"form-field-name\" class=\"elementor-field-label\">\n\t\t\t\t\t\t\t\tName\t\t\t\t\t\t\t<\/label>\n\t\t\t\t\t\t\t\t\t\t\t\t\t\t<input size=\"1\" type=\"text\" name=\"form_fields[name]\" id=\"form-field-name\" class=\"elementor-field elementor-size-sm  elementor-field-textual\" placeholder=\"Enter Your Name\">\n\t\t\t\t\t\t\t\t\t\t\t<\/div>\n\t\t\t\t\t\t\t\t<div class=\"elementor-field-type-email elementor-field-group elementor-column elementor-field-group-email elementor-col-50 elementor-field-required\">\n\t\t\t\t\t\t\t\t\t\t\t\t<label for=\"form-field-email\" class=\"elementor-field-label\">\n\t\t\t\t\t\t\t\tEmail\t\t\t\t\t\t\t<\/label>\n\t\t\t\t\t\t\t\t\t\t\t\t\t\t<input size=\"1\" type=\"email\" name=\"form_fields[email]\" id=\"form-field-email\" class=\"elementor-field elementor-size-sm  elementor-field-textual\" placeholder=\"Enter Your Email\" required=\"required\">\n\t\t\t\t\t\t\t\t\t\t\t<\/div>\n\t\t\t\t\t\t\t\t<div class=\"elementor-field-type-text elementor-field-group elementor-column elementor-field-group-field_836e2cb elementor-col-50\">\n\t\t\t\t\t\t\t\t\t\t\t\t<label for=\"form-field-field_836e2cb\" class=\"elementor-field-label\">\n\t\t\t\t\t\t\t\tJob type\t\t\t\t\t\t\t<\/label>\n\t\t\t\t\t\t\t\t\t\t\t\t\t\t<input size=\"1\" type=\"text\" name=\"form_fields[field_836e2cb]\" id=\"form-field-field_836e2cb\" class=\"elementor-field elementor-size-sm  elementor-field-textual\" placeholder=\"Role\/Designation\">\n\t\t\t\t\t\t\t\t\t\t\t<\/div>\n\t\t\t\t\t\t\t\t<div class=\"elementor-field-type-upload elementor-field-group elementor-column elementor-field-group-field_c374e92 elementor-col-50\">\n\t\t\t\t\t\t\t\t\t\t\t\t<label for=\"form-field-field_c374e92\" class=\"elementor-field-label\">\n\t\t\t\t\t\t\t\tUpload CV\t\t\t\t\t\t\t<\/label>\n\t\t\t\t\t\t\t\t<input type=\"file\" name=\"form_fields[field_c374e92]\" id=\"form-field-field_c374e92\" class=\"elementor-field elementor-size-sm  elementor-upload-field\">\n\n\t\t\t\t\t\t<\/div>\n\t\t\t\t\t\t\t\t<div class=\"elementor-field-type-textarea elementor-field-group elementor-column elementor-field-group-message elementor-col-100\">\n\t\t\t\t\t\t\t\t\t\t\t\t<label for=\"form-field-message\" class=\"elementor-field-label\">\n\t\t\t\t\t\t\t\tMessage\t\t\t\t\t\t\t<\/label>\n\t\t\t\t\t\t<textarea class=\"elementor-field-textual elementor-field  elementor-size-sm\" name=\"form_fields[message]\" id=\"form-field-message\" rows=\"4\" placeholder=\"Your Message\"><\/textarea>\t\t\t\t<\/div>\n\t\t\t\t\t\t\t\t<div class=\"elementor-field-group elementor-column elementor-field-type-submit elementor-col-100 e-form__buttons\">\n\t\t\t\t\t<button class=\"elementor-button elementor-size-sm\" type=\"submit\">\n\t\t\t\t\t\t<span class=\"elementor-button-content-wrapper\">\n\t\t\t\t\t\t\t\t\t\t\t\t\t\t\t\t\t\t\t\t\t\t<span class=\"elementor-button-text\">Submit<\/span>\n\t\t\t\t\t\t\t\t\t\t\t\t\t<\/span>\n\t\t\t\t\t<\/button>\n\t\t\t\t<\/div>\n\t\t\t<\/div>\n\t\t<\/form>\n\t\t\t\t\t\t<\/div>\n\t\t\t\t<\/div>\n\t\t\t\t<\/div>\n\t\t\t\t\t<\/div>\n\t\t\t\t<\/div>\n\t\t\t\t<\/div>\n\t\t","protected":false},"excerpt":{"rendered":"<p>Application Form Apply for the job. Required all fields are filled*<\/p>","protected":false},"author":1,"featured_media":6701,"parent":0,"menu_order":0,"comment_status":"closed","ping_status":"closed","template":"","meta":{"_acf_changed":false,"footnotes":""},"class_list":["post-5969","page","type-page","status-publish","has-post-thumbnail","hentry"],"acf":[],"yoast_head":"<!-- This site is optimized with the Yoast SEO Premium plugin v27.4 (Yoast SEO v27.4) - https:\/\/yoast.com\/product\/yoast-seo-premium-wordpress\/ -->\n<title>Postuler chez Groupe Synapse | Envoyez votre CV | Terrebonne<\/title>\n<meta name=\"description\" content=\"Envoyez votre candidature \u00e0 Groupe Synapse! Joignez-vous \u00e0 une \u00e9quipe dynamique sp\u00e9cialis\u00e9e en articles promotionnels et v\u00eatements corporatifs. Postes disponibles \u00e0 Terrebonne. Faites parvenir votre CV d\u00e8s maintenant.\" \/>\n<meta name=\"robots\" content=\"index, follow, max-snippet:-1, max-image-preview:large, max-video-preview:-1\" \/>\n<link rel=\"canonical\" href=\"https:\/\/groupesynapse.ca\/fr\/application-form\/\" \/>\n<meta property=\"og:locale\" content=\"fr_CA\" \/>\n<meta property=\"og:type\" content=\"article\" \/>\n<meta property=\"og:title\" content=\"Application Form\" \/>\n<meta property=\"og:description\" content=\"Envoyez votre candidature \u00e0 Groupe Synapse! Joignez-vous \u00e0 une \u00e9quipe dynamique sp\u00e9cialis\u00e9e en articles promotionnels et v\u00eatements corporatifs. Postes disponibles \u00e0 Terrebonne. Faites parvenir votre CV d\u00e8s maintenant.\" \/>\n<meta property=\"og:url\" content=\"https:\/\/groupesynapse.ca\/fr\/application-form\/\" \/>\n<meta property=\"og:site_name\" content=\"Groupe Synapse\" \/>\n<meta property=\"article:publisher\" content=\"https:\/\/www.facebook.com\/p\/Groupe-Synapse-Inc-100063639607484\/\" \/>\n<meta property=\"article:modified_time\" content=\"2025-11-14T15:53:23+00:00\" \/>\n<meta property=\"og:image\" content=\"https:\/\/groupesynapse.ca\/wp-content\/uploads\/2025\/11\/Equipe_Logo_1_2_11zon-scaled-1.jpg\" \/>\n\t<meta property=\"og:image:width\" content=\"1600\" \/>\n\t<meta property=\"og:image:height\" content=\"1200\" \/>\n\t<meta property=\"og:image:type\" content=\"image\/jpeg\" \/>\n<meta name=\"twitter:card\" content=\"summary_large_image\" \/>\n<meta name=\"twitter:label1\" content=\"Estimation du temps de lecture\" \/>\n\t<meta name=\"twitter:data1\" content=\"1 minute\" \/>\n<script type=\"application\/ld+json\" class=\"yoast-schema-graph\">{\"@context\":\"https:\\\/\\\/schema.org\",\"@graph\":[{\"@type\":\"WebPage\",\"@id\":\"https:\\\/\\\/groupesynapse.ca\\\/application-form\\\/\",\"url\":\"https:\\\/\\\/groupesynapse.ca\\\/application-form\\\/\",\"name\":\"Postuler chez Groupe Synapse | Envoyez votre CV | Terrebonne\",\"isPartOf\":{\"@id\":\"https:\\\/\\\/groupesynapse.ca\\\/fr\\\/#website\"},\"primaryImageOfPage\":{\"@id\":\"https:\\\/\\\/groupesynapse.ca\\\/application-form\\\/#primaryimage\"},\"image\":{\"@id\":\"https:\\\/\\\/groupesynapse.ca\\\/application-form\\\/#primaryimage\"},\"thumbnailUrl\":\"https:\\\/\\\/groupesynapse.ca\\\/wp-content\\\/uploads\\\/2025\\\/11\\\/Equipe_Logo_1_2_11zon-scaled-1.jpg\",\"datePublished\":\"2025-10-27T12:28:55+00:00\",\"dateModified\":\"2025-11-14T15:53:23+00:00\",\"description\":\"Envoyez votre candidature \u00e0 Groupe Synapse! Joignez-vous \u00e0 une \u00e9quipe dynamique sp\u00e9cialis\u00e9e en articles promotionnels et v\u00eatements corporatifs. Postes disponibles \u00e0 Terrebonne. Faites parvenir votre CV d\u00e8s maintenant.\",\"breadcrumb\":{\"@id\":\"https:\\\/\\\/groupesynapse.ca\\\/application-form\\\/#breadcrumb\"},\"inLanguage\":\"fr-CA\",\"potentialAction\":[{\"@type\":\"ReadAction\",\"target\":[\"https:\\\/\\\/groupesynapse.ca\\\/application-form\\\/\"]}]},{\"@type\":\"ImageObject\",\"inLanguage\":\"fr-CA\",\"@id\":\"https:\\\/\\\/groupesynapse.ca\\\/application-form\\\/#primaryimage\",\"url\":\"https:\\\/\\\/groupesynapse.ca\\\/wp-content\\\/uploads\\\/2025\\\/11\\\/Equipe_Logo_1_2_11zon-scaled-1.jpg\",\"contentUrl\":\"https:\\\/\\\/groupesynapse.ca\\\/wp-content\\\/uploads\\\/2025\\\/11\\\/Equipe_Logo_1_2_11zon-scaled-1.jpg\",\"width\":1600,\"height\":1200},{\"@type\":\"BreadcrumbList\",\"@id\":\"https:\\\/\\\/groupesynapse.ca\\\/application-form\\\/#breadcrumb\",\"itemListElement\":[{\"@type\":\"ListItem\",\"position\":1,\"name\":\"Home\",\"item\":\"https:\\\/\\\/groupesynapse.ca\\\/\"},{\"@type\":\"ListItem\",\"position\":2,\"name\":\"Application Form\"}]},{\"@type\":\"WebSite\",\"@id\":\"https:\\\/\\\/groupesynapse.ca\\\/fr\\\/#website\",\"url\":\"https:\\\/\\\/groupesynapse.ca\\\/fr\\\/\",\"name\":\"Groupe Synapse\",\"description\":\"\",\"publisher\":{\"@id\":\"https:\\\/\\\/groupesynapse.ca\\\/fr\\\/#organization\"},\"potentialAction\":[{\"@type\":\"SearchAction\",\"target\":{\"@type\":\"EntryPoint\",\"urlTemplate\":\"https:\\\/\\\/groupesynapse.ca\\\/fr\\\/?s={search_term_string}\"},\"query-input\":{\"@type\":\"PropertyValueSpecification\",\"valueRequired\":true,\"valueName\":\"search_term_string\"}}],\"inLanguage\":\"fr-CA\"},{\"@type\":\"Organization\",\"@id\":\"https:\\\/\\\/groupesynapse.ca\\\/fr\\\/#organization\",\"name\":\"Groupe Synapse\",\"url\":\"https:\\\/\\\/groupesynapse.ca\\\/fr\\\/\",\"logo\":{\"@type\":\"ImageObject\",\"inLanguage\":\"fr-CA\",\"@id\":\"https:\\\/\\\/groupesynapse.ca\\\/fr\\\/#\\\/schema\\\/logo\\\/image\\\/\",\"url\":\"https:\\\/\\\/groupesynapse.ca\\\/wp-content\\\/uploads\\\/2025\\\/06\\\/imgi_1_final-logo-scaled-e1760942677884-1536x427-1.png\",\"contentUrl\":\"https:\\\/\\\/groupesynapse.ca\\\/wp-content\\\/uploads\\\/2025\\\/06\\\/imgi_1_final-logo-scaled-e1760942677884-1536x427-1.png\",\"width\":1536,\"height\":427,\"caption\":\"Groupe Synapse\"},\"image\":{\"@id\":\"https:\\\/\\\/groupesynapse.ca\\\/fr\\\/#\\\/schema\\\/logo\\\/image\\\/\"},\"sameAs\":[\"https:\\\/\\\/www.facebook.com\\\/p\\\/Groupe-Synapse-Inc-100063639607484\\\/\",\"https:\\\/\\\/www.instagram.com\\\/groupesynapse\\\/\",\"https:\\\/\\\/ca.linkedin.com\\\/company\\\/groupe-synapse\"]}]}<\/script>\n<!-- \/ Yoast SEO Premium plugin. -->","yoast_head_json":{"title":"Postuler chez Groupe Synapse | Envoyez votre CV | Terrebonne","description":"Envoyez votre candidature \u00e0 Groupe Synapse! Joignez-vous \u00e0 une \u00e9quipe dynamique sp\u00e9cialis\u00e9e en articles promotionnels et v\u00eatements corporatifs. Postes disponibles \u00e0 Terrebonne. Faites parvenir votre CV d\u00e8s maintenant.","robots":{"index":"index","follow":"follow","max-snippet":"max-snippet:-1","max-image-preview":"max-image-preview:large","max-video-preview":"max-video-preview:-1"},"canonical":"https:\/\/groupesynapse.ca\/fr\/application-form\/","og_locale":"fr_CA","og_type":"article","og_title":"Application Form","og_description":"Envoyez votre candidature \u00e0 Groupe Synapse! Joignez-vous \u00e0 une \u00e9quipe dynamique sp\u00e9cialis\u00e9e en articles promotionnels et v\u00eatements corporatifs. Postes disponibles \u00e0 Terrebonne. Faites parvenir votre CV d\u00e8s maintenant.","og_url":"https:\/\/groupesynapse.ca\/fr\/application-form\/","og_site_name":"Groupe Synapse","article_publisher":"https:\/\/www.facebook.com\/p\/Groupe-Synapse-Inc-100063639607484\/","article_modified_time":"2025-11-14T15:53:23+00:00","og_image":[{"width":1600,"height":1200,"url":"https:\/\/groupesynapse.ca\/wp-content\/uploads\/2025\/11\/Equipe_Logo_1_2_11zon-scaled-1.jpg","type":"image\/jpeg"}],"twitter_card":"summary_large_image","twitter_misc":{"Estimation du temps de lecture":"1 minute"},"schema":{"@context":"https:\/\/schema.org","@graph":[{"@type":"WebPage","@id":"https:\/\/groupesynapse.ca\/application-form\/","url":"https:\/\/groupesynapse.ca\/application-form\/","name":"Postuler chez Groupe Synapse | Envoyez votre CV | Terrebonne","isPartOf":{"@id":"https:\/\/groupesynapse.ca\/fr\/#website"},"primaryImageOfPage":{"@id":"https:\/\/groupesynapse.ca\/application-form\/#primaryimage"},"image":{"@id":"https:\/\/groupesynapse.ca\/application-form\/#primaryimage"},"thumbnailUrl":"https:\/\/groupesynapse.ca\/wp-content\/uploads\/2025\/11\/Equipe_Logo_1_2_11zon-scaled-1.jpg","datePublished":"2025-10-27T12:28:55+00:00","dateModified":"2025-11-14T15:53:23+00:00","description":"Envoyez votre candidature \u00e0 Groupe Synapse! Joignez-vous \u00e0 une \u00e9quipe dynamique sp\u00e9cialis\u00e9e en articles promotionnels et v\u00eatements corporatifs. Postes disponibles \u00e0 Terrebonne. Faites parvenir votre CV d\u00e8s maintenant.","breadcrumb":{"@id":"https:\/\/groupesynapse.ca\/application-form\/#breadcrumb"},"inLanguage":"fr-CA","potentialAction":[{"@type":"ReadAction","target":["https:\/\/groupesynapse.ca\/application-form\/"]}]},{"@type":"ImageObject","inLanguage":"fr-CA","@id":"https:\/\/groupesynapse.ca\/application-form\/#primaryimage","url":"https:\/\/groupesynapse.ca\/wp-content\/uploads\/2025\/11\/Equipe_Logo_1_2_11zon-scaled-1.jpg","contentUrl":"https:\/\/groupesynapse.ca\/wp-content\/uploads\/2025\/11\/Equipe_Logo_1_2_11zon-scaled-1.jpg","width":1600,"height":1200},{"@type":"BreadcrumbList","@id":"https:\/\/groupesynapse.ca\/application-form\/#breadcrumb","itemListElement":[{"@type":"ListItem","position":1,"name":"Home","item":"https:\/\/groupesynapse.ca\/"},{"@type":"ListItem","position":2,"name":"Application Form"}]},{"@type":"WebSite","@id":"https:\/\/groupesynapse.ca\/fr\/#website","url":"https:\/\/groupesynapse.ca\/fr\/","name":"Groupe Synapse","description":"","publisher":{"@id":"https:\/\/groupesynapse.ca\/fr\/#organization"},"potentialAction":[{"@type":"SearchAction","target":{"@type":"EntryPoint","urlTemplate":"https:\/\/groupesynapse.ca\/fr\/?s={search_term_string}"},"query-input":{"@type":"PropertyValueSpecification","valueRequired":true,"valueName":"search_term_string"}}],"inLanguage":"fr-CA"},{"@type":"Organization","@id":"https:\/\/groupesynapse.ca\/fr\/#organization","name":"Groupe Synapse","url":"https:\/\/groupesynapse.ca\/fr\/","logo":{"@type":"ImageObject","inLanguage":"fr-CA","@id":"https:\/\/groupesynapse.ca\/fr\/#\/schema\/logo\/image\/","url":"https:\/\/groupesynapse.ca\/wp-content\/uploads\/2025\/06\/imgi_1_final-logo-scaled-e1760942677884-1536x427-1.png","contentUrl":"https:\/\/groupesynapse.ca\/wp-content\/uploads\/2025\/06\/imgi_1_final-logo-scaled-e1760942677884-1536x427-1.png","width":1536,"height":427,"caption":"Groupe Synapse"},"image":{"@id":"https:\/\/groupesynapse.ca\/fr\/#\/schema\/logo\/image\/"},"sameAs":["https:\/\/www.facebook.com\/p\/Groupe-Synapse-Inc-100063639607484\/","https:\/\/www.instagram.com\/groupesynapse\/","https:\/\/ca.linkedin.com\/company\/groupe-synapse"]}]}},"_links":{"self":[{"href":"https:\/\/groupesynapse.ca\/fr\/wp-json\/wp\/v2\/pages\/5969","targetHints":{"allow":["GET"]}}],"collection":[{"href":"https:\/\/groupesynapse.ca\/fr\/wp-json\/wp\/v2\/pages"}],"about":[{"href":"https:\/\/groupesynapse.ca\/fr\/wp-json\/wp\/v2\/types\/page"}],"author":[{"embeddable":true,"href":"https:\/\/groupesynapse.ca\/fr\/wp-json\/wp\/v2\/users\/1"}],"replies":[{"embeddable":true,"href":"https:\/\/groupesynapse.ca\/fr\/wp-json\/wp\/v2\/comments?post=5969"}],"version-history":[{"count":10,"href":"https:\/\/groupesynapse.ca\/fr\/wp-json\/wp\/v2\/pages\/5969\/revisions"}],"predecessor-version":[{"id":5979,"href":"https:\/\/groupesynapse.ca\/fr\/wp-json\/wp\/v2\/pages\/5969\/revisions\/5979"}],"wp:featuredmedia":[{"embeddable":true,"href":"https:\/\/groupesynapse.ca\/fr\/wp-json\/wp\/v2\/media\/6701"}],"wp:attachment":[{"href":"https:\/\/groupesynapse.ca\/fr\/wp-json\/wp\/v2\/media?parent=5969"}],"curies":[{"name":"wp","href":"https:\/\/api.w.org\/{rel}","templated":true}]}}