{"id":1869,"date":"2025-09-03T11:44:56","date_gmt":"2025-09-03T11:44:56","guid":{"rendered":"https:\/\/paleturquoise-seahorse-905500.hostingersite.com\/?page_id=1869"},"modified":"2025-11-19T01:42:33","modified_gmt":"2025-11-19T01:42:33","slug":"products","status":"publish","type":"page","link":"https:\/\/groupesynapse.ca\/fr\/products\/","title":{"rendered":"Produits"},"content":{"rendered":"<div data-elementor-type=\"wp-page\" data-elementor-id=\"1869\" class=\"elementor elementor-1869\" data-elementor-post-type=\"page\">\n\t\t\t\t<div class=\"elementor-element elementor-element-21789b3 e-con-full e-flex e-con e-parent\" data-id=\"21789b3\" data-element_type=\"container\" data-e-type=\"container\">\n\t\t<div class=\"elementor-element elementor-element-d51a093 e-flex e-con-boxed e-con e-child\" data-id=\"d51a093\" data-element_type=\"container\" data-e-type=\"container\" data-settings=\"{&quot;background_background&quot;:&quot;classic&quot;}\">\n\t\t\t\t\t<div class=\"e-con-inner\">\n\t\t\t\t<div class=\"elementor-element elementor-element-f4fd140 elementor-widget__width-initial elementor-widget elementor-widget-heading\" data-id=\"f4fd140\" data-element_type=\"widget\" data-e-type=\"widget\" data-widget_type=\"heading.default\">\n\t\t\t\t<div class=\"elementor-widget-container\">\n\t\t\t\t\t<h1 class=\"elementor-heading-title elementor-size-default\">Nos produits<\/h1>\t\t\t\t<\/div>\n\t\t\t\t<\/div>\n\t\t\t\t\t<\/div>\n\t\t\t\t<\/div>\n\t\t\t\t<\/div>\n\t\t<div class=\"elementor-element elementor-element-f471c0d e-con-full e-flex e-con e-parent\" data-id=\"f471c0d\" data-element_type=\"container\" data-e-type=\"container\">\n\t\t<div class=\"elementor-element elementor-element-c13d3ea e-grid e-con-boxed e-con e-child\" data-id=\"c13d3ea\" data-element_type=\"container\" data-e-type=\"container\">\n\t\t\t\t\t<div class=\"e-con-inner\">\n\t\t<div class=\"elementor-element elementor-element-fe29a5b e-con-full e-flex e-con e-child\" data-id=\"fe29a5b\" data-element_type=\"container\" data-e-type=\"container\">\n\t\t<div class=\"elementor-element elementor-element-7807f5e e-con-full e-flex e-con e-child\" data-id=\"7807f5e\" data-element_type=\"container\" data-e-type=\"container\" data-settings=\"{&quot;background_background&quot;:&quot;classic&quot;}\">\n\t\t<div class=\"elementor-element elementor-element-5acb0eb e-con-full e-flex e-con e-child\" data-id=\"5acb0eb\" data-element_type=\"container\" data-e-type=\"container\" data-settings=\"{&quot;background_background&quot;:&quot;classic&quot;}\">\n\t\t\t\t<\/div>\n\t\t\t\t<div class=\"elementor-element elementor-element-ec73bb7 elementor-widget elementor-widget-heading\" data-id=\"ec73bb7\" data-element_type=\"widget\" data-e-type=\"widget\" data-widget_type=\"heading.default\">\n\t\t\t\t<div class=\"elementor-widget-container\">\n\t\t\t\t\t<h2 class=\"elementor-heading-title elementor-size-default\"><a href=\"https:\/\/groupesynapse.ca\/fr\/corporate-clothing\/\">V\u00eatements corporatifs<\/a><\/h2>\t\t\t\t<\/div>\n\t\t\t\t<\/div>\n\t\t\t\t<div class=\"elementor-element elementor-element-899a749 elementor-widget elementor-widget-text-editor\" data-id=\"899a749\" data-element_type=\"widget\" data-e-type=\"widget\" data-widget_type=\"text-editor.default\">\n\t\t\t\t<div class=\"elementor-widget-container\">\n\t\t\t\t\t\t\t\t\t<p>V\u00eatements d'autorit\u00e9 et de cr\u00e9dibilit\u00e9<\/p>\t\t\t\t\t\t\t\t<\/div>\n\t\t\t\t<\/div>\n\t\t\t\t<div class=\"elementor-element elementor-element-a383e87 elementor-mobile-align-center elementor-widget elementor-widget-button\" data-id=\"a383e87\" data-element_type=\"widget\" data-e-type=\"widget\" data-widget_type=\"button.default\">\n\t\t\t\t<div class=\"elementor-widget-container\">\n\t\t\t\t\t\t\t\t\t<div class=\"elementor-button-wrapper\">\n\t\t\t\t\t<a class=\"elementor-button elementor-button-link elementor-size-sm\" href=\"https:\/\/groupesynapse.ca\/fr\/corporate-clothing\/\">\n\t\t\t\t\t\t<span class=\"elementor-button-content-wrapper\">\n\t\t\t\t\t\t<span class=\"elementor-button-icon\">\n\t\t\t\t<svg aria-hidden=\"true\" class=\"e-font-icon-svg e-fas-arrow-right\" viewbox=\"0 0 448 512\" xmlns=\"http:\/\/www.w3.org\/2000\/svg\"><path d=\"M190.5 66.9l22.2-22.2c9.4-9.4 24.6-9.4 33.9 0L441 239c9.4 9.4 9.4 24.6 0 33.9L246.6 467.3c-9.4 9.4-24.6 9.4-33.9 0l-22.2-22.2c-9.5-9.5-9.3-25 .4-34.3L311.4 296H24c-13.3 0-24-10.7-24-24v-32c0-13.3 10.7-24 24-24h287.4L190.9 101.2c-9.8-9.3-10-24.8-.4-34.3z\"><\/path><\/svg>\t\t\t<\/span>\n\t\t\t\t\t\t\t\t\t<span class=\"elementor-button-text\">Explorez<\/span>\n\t\t\t\t\t<\/span>\n\t\t\t\t\t<\/a>\n\t\t\t\t<\/div>\n\t\t\t\t\t\t\t\t<\/div>\n\t\t\t\t<\/div>\n\t\t\t\t<\/div>\n\t\t\t\t<\/div>\n\t\t<div class=\"elementor-element elementor-element-51e8682 e-con-full e-flex e-con e-child\" data-id=\"51e8682\" data-element_type=\"container\" data-e-type=\"container\">\n\t\t<div class=\"elementor-element elementor-element-a38007b e-con-full e-flex e-con e-child\" data-id=\"a38007b\" data-element_type=\"container\" data-e-type=\"container\" data-settings=\"{&quot;background_background&quot;:&quot;classic&quot;}\">\n\t\t<div class=\"elementor-element elementor-element-f796ae0 e-con-full e-flex e-con e-child\" data-id=\"f796ae0\" data-element_type=\"container\" data-e-type=\"container\" data-settings=\"{&quot;background_background&quot;:&quot;classic&quot;}\">\n\t\t\t\t<\/div>\n\t\t\t\t<div class=\"elementor-element elementor-element-cc1d153 elementor-widget elementor-widget-heading\" data-id=\"cc1d153\" data-element_type=\"widget\" data-e-type=\"widget\" data-widget_type=\"heading.default\">\n\t\t\t\t<div class=\"elementor-widget-container\">\n\t\t\t\t\t<h2 class=\"elementor-heading-title elementor-size-default\"><a href=\"https:\/\/groupesynapse.ca\/fr\/accessories\/\">Accessoires<\/a><\/h2>\t\t\t\t<\/div>\n\t\t\t\t<\/div>\n\t\t\t\t<div class=\"elementor-element elementor-element-b5d5d91 elementor-widget elementor-widget-text-editor\" data-id=\"b5d5d91\" data-element_type=\"widget\" data-e-type=\"widget\" data-widget_type=\"text-editor.default\">\n\t\t\t\t<div class=\"elementor-widget-container\">\n\t\t\t\t\t\t\t\t\t<p>\u00c9quipement conforme et durable<\/p>\t\t\t\t\t\t\t\t<\/div>\n\t\t\t\t<\/div>\n\t\t\t\t<div class=\"elementor-element elementor-element-9ca05bc elementor-mobile-align-center elementor-widget elementor-widget-button\" data-id=\"9ca05bc\" data-element_type=\"widget\" data-e-type=\"widget\" data-widget_type=\"button.default\">\n\t\t\t\t<div class=\"elementor-widget-container\">\n\t\t\t\t\t\t\t\t\t<div class=\"elementor-button-wrapper\">\n\t\t\t\t\t<a class=\"elementor-button elementor-button-link elementor-size-sm\" href=\"https:\/\/groupesynapse.ca\/fr\/accessories\/\">\n\t\t\t\t\t\t<span class=\"elementor-button-content-wrapper\">\n\t\t\t\t\t\t<span class=\"elementor-button-icon\">\n\t\t\t\t<svg aria-hidden=\"true\" class=\"e-font-icon-svg e-fas-arrow-right\" viewbox=\"0 0 448 512\" xmlns=\"http:\/\/www.w3.org\/2000\/svg\"><path d=\"M190.5 66.9l22.2-22.2c9.4-9.4 24.6-9.4 33.9 0L441 239c9.4 9.4 9.4 24.6 0 33.9L246.6 467.3c-9.4 9.4-24.6 9.4-33.9 0l-22.2-22.2c-9.5-9.5-9.3-25 .4-34.3L311.4 296H24c-13.3 0-24-10.7-24-24v-32c0-13.3 10.7-24 24-24h287.4L190.9 101.2c-9.8-9.3-10-24.8-.4-34.3z\"><\/path><\/svg>\t\t\t<\/span>\n\t\t\t\t\t\t\t\t\t<span class=\"elementor-button-text\">Explorez<\/span>\n\t\t\t\t\t<\/span>\n\t\t\t\t\t<\/a>\n\t\t\t\t<\/div>\n\t\t\t\t\t\t\t\t<\/div>\n\t\t\t\t<\/div>\n\t\t\t\t<\/div>\n\t\t\t\t<\/div>\n\t\t<div class=\"elementor-element elementor-element-4d73d13 e-con-full e-flex e-con e-child\" data-id=\"4d73d13\" data-element_type=\"container\" data-e-type=\"container\">\n\t\t<div class=\"elementor-element elementor-element-01d9b44 e-con-full e-flex e-con e-child\" data-id=\"01d9b44\" data-element_type=\"container\" data-e-type=\"container\" data-settings=\"{&quot;background_background&quot;:&quot;classic&quot;}\">\n\t\t<div class=\"elementor-element elementor-element-ad8729c e-con-full e-flex e-con e-child\" data-id=\"ad8729c\" data-element_type=\"container\" data-e-type=\"container\" data-settings=\"{&quot;background_background&quot;:&quot;classic&quot;}\">\n\t\t\t\t<\/div>\n\t\t\t\t<div class=\"elementor-element elementor-element-c27614d elementor-widget elementor-widget-heading\" data-id=\"c27614d\" data-element_type=\"widget\" data-e-type=\"widget\" data-widget_type=\"heading.default\">\n\t\t\t\t<div class=\"elementor-widget-container\">\n\t\t\t\t\t<h2 class=\"elementor-heading-title elementor-size-default\"><a href=\"https:\/\/groupesynapse.ca\/fr\/promotional-items\/\">Articles promotionnels<\/a><\/h2>\t\t\t\t<\/div>\n\t\t\t\t<\/div>\n\t\t\t\t<div class=\"elementor-element elementor-element-51d4087 elementor-widget elementor-widget-text-editor\" data-id=\"51d4087\" data-element_type=\"widget\" data-e-type=\"widget\" data-widget_type=\"text-editor.default\">\n\t\t\t\t<div class=\"elementor-widget-container\">\n\t\t\t\t\t\t\t\t\t<p>Du SWAG pour tous vos besoins<\/p>\t\t\t\t\t\t\t\t<\/div>\n\t\t\t\t<\/div>\n\t\t\t\t<div class=\"elementor-element elementor-element-f51950c elementor-mobile-align-center elementor-widget elementor-widget-button\" data-id=\"f51950c\" data-element_type=\"widget\" data-e-type=\"widget\" data-widget_type=\"button.default\">\n\t\t\t\t<div class=\"elementor-widget-container\">\n\t\t\t\t\t\t\t\t\t<div class=\"elementor-button-wrapper\">\n\t\t\t\t\t<a class=\"elementor-button elementor-button-link elementor-size-sm\" href=\"https:\/\/groupesynapse.ca\/fr\/promotional-items\/\">\n\t\t\t\t\t\t<span class=\"elementor-button-content-wrapper\">\n\t\t\t\t\t\t<span class=\"elementor-button-icon\">\n\t\t\t\t<svg aria-hidden=\"true\" class=\"e-font-icon-svg e-fas-arrow-right\" viewbox=\"0 0 448 512\" xmlns=\"http:\/\/www.w3.org\/2000\/svg\"><path d=\"M190.5 66.9l22.2-22.2c9.4-9.4 24.6-9.4 33.9 0L441 239c9.4 9.4 9.4 24.6 0 33.9L246.6 467.3c-9.4 9.4-24.6 9.4-33.9 0l-22.2-22.2c-9.5-9.5-9.3-25 .4-34.3L311.4 296H24c-13.3 0-24-10.7-24-24v-32c0-13.3 10.7-24 24-24h287.4L190.9 101.2c-9.8-9.3-10-24.8-.4-34.3z\"><\/path><\/svg>\t\t\t<\/span>\n\t\t\t\t\t\t\t\t\t<span class=\"elementor-button-text\">Explorez<\/span>\n\t\t\t\t\t<\/span>\n\t\t\t\t\t<\/a>\n\t\t\t\t<\/div>\n\t\t\t\t\t\t\t\t<\/div>\n\t\t\t\t<\/div>\n\t\t\t\t<\/div>\n\t\t\t\t<\/div>\n\t\t\t\t\t<\/div>\n\t\t\t\t<\/div>\n\t\t\t\t<\/div>\n\t\t<div class=\"elementor-element elementor-element-154bc97 elementor-hidden-desktop elementor-hidden-tablet elementor-hidden-mobile e-flex e-con-boxed e-con e-parent\" data-id=\"154bc97\" data-element_type=\"container\" data-e-type=\"container\">\n\t\t\t\t\t<div class=\"e-con-inner\">\n\t\t\t\t<div class=\"elementor-element elementor-element-d253ad4 elementor-widget elementor-widget-image-carousel\" data-id=\"d253ad4\" data-element_type=\"widget\" data-e-type=\"widget\" data-settings=\"{&quot;slides_to_show&quot;:&quot;3&quot;,&quot;slides_to_scroll&quot;:&quot;1&quot;,&quot;navigation&quot;:&quot;none&quot;,&quot;image_spacing_custom&quot;:{&quot;unit&quot;:&quot;px&quot;,&quot;size&quot;:90,&quot;sizes&quot;:[]},&quot;autoplay&quot;:&quot;yes&quot;,&quot;pause_on_hover&quot;:&quot;yes&quot;,&quot;pause_on_interaction&quot;:&quot;yes&quot;,&quot;autoplay_speed&quot;:5000,&quot;infinite&quot;:&quot;yes&quot;,&quot;speed&quot;:500,&quot;image_spacing_custom_tablet&quot;:{&quot;unit&quot;:&quot;px&quot;,&quot;size&quot;:&quot;&quot;,&quot;sizes&quot;:[]},&quot;image_spacing_custom_mobile&quot;:{&quot;unit&quot;:&quot;px&quot;,&quot;size&quot;:&quot;&quot;,&quot;sizes&quot;:[]}}\" data-widget_type=\"image-carousel.default\">\n\t\t\t\t<div class=\"elementor-widget-container\">\n\t\t\t\t\t\t\t<div class=\"elementor-image-carousel-wrapper swiper\" role=\"region\" aria-roledescription=\"carousel\" aria-label=\"Image Carousel\" dir=\"ltr\">\n\t\t\t<div class=\"elementor-image-carousel swiper-wrapper\" aria-live=\"off\">\n\t\t\t\t\t\t\t\t<div class=\"swiper-slide\" role=\"group\" aria-roledescription=\"slide\" aria-label=\"1 of 5\" data-no-translation-aria-label=\"\"><figure class=\"swiper-slide-inner\"><img decoding=\"async\" class=\"swiper-slide-image\" src=\"https:\/\/groupesynapse.ca\/wp-content\/uploads\/2025\/06\/f6475c14f4d68f26d47ff6323e01b5775884e5c8.jpg\" alt=\"\" \/><\/figure><\/div><div class=\"swiper-slide\" role=\"group\" aria-roledescription=\"slide\" aria-label=\"2 of 5\" data-no-translation-aria-label=\"\"><figure class=\"swiper-slide-inner\"><img decoding=\"async\" class=\"swiper-slide-image\" src=\"https:\/\/groupesynapse.ca\/wp-content\/uploads\/2025\/06\/db428b60f06c9bf1411df0d62eb3ec2eba168ebf.jpg\" alt=\"\" \/><\/figure><\/div><div class=\"swiper-slide\" role=\"group\" aria-roledescription=\"slide\" aria-label=\"3 of 5\" data-no-translation-aria-label=\"\"><figure class=\"swiper-slide-inner\"><img decoding=\"async\" class=\"swiper-slide-image\" src=\"https:\/\/groupesynapse.ca\/wp-content\/uploads\/2025\/06\/80618f4cb17b46b0164b9b3361fcc92c46a1b66f.jpg\" alt=\"\" \/><\/figure><\/div><div class=\"swiper-slide\" role=\"group\" aria-roledescription=\"slide\" aria-label=\"4 of 5\" data-no-translation-aria-label=\"\"><figure class=\"swiper-slide-inner\"><img decoding=\"async\" class=\"swiper-slide-image\" src=\"https:\/\/groupesynapse.ca\/wp-content\/uploads\/2025\/06\/dd17997e20787cee2c15c49cdd2efb1d8b698db7.jpg\" alt=\"\" \/><\/figure><\/div><div class=\"swiper-slide\" role=\"group\" aria-roledescription=\"slide\" aria-label=\"5 of 5\" data-no-translation-aria-label=\"\"><figure class=\"swiper-slide-inner\"><img decoding=\"async\" class=\"swiper-slide-image\" src=\"https:\/\/groupesynapse.ca\/wp-content\/uploads\/2025\/06\/c7966b1011696c8d0cba39de262a2893753852dd.jpg\" alt=\"\" \/><\/figure><\/div>\t\t\t<\/div>\n\t\t\t\t\t\t\t\n\t\t\t\t\t\t\t\t\t<\/div>\n\t\t\t\t\t\t<\/div>\n\t\t\t\t<\/div>\n\t\t\t\t\t<\/div>\n\t\t\t\t<\/div>\n\t\t\t\t<\/div>","protected":false},"excerpt":{"rendered":"<p>Our Products Corporate Clothing Clothes of authority and credibility Explore Accessories Compliant and durable equipment Explore Promotional Items SWAG for all your needs Explore<\/p>","protected":false},"author":1,"featured_media":4612,"parent":0,"menu_order":0,"comment_status":"closed","ping_status":"closed","template":"elementor_header_footer","meta":{"_acf_changed":false,"footnotes":""},"class_list":["post-1869","page","type-page","status-publish","has-post-thumbnail","hentry"],"acf":[],"yoast_head":"<!-- This site is optimized with the Yoast SEO Premium plugin v27.4 (Yoast SEO v27.4) - https:\/\/yoast.com\/product\/yoast-seo-premium-wordpress\/ -->\n<title>Catalogue d&#039;Articles Promotionnels &amp; Cadeaux d&#039;Affaires<\/title>\n<meta name=\"description\" content=\"Explorez notre vaste catalogue d&#039;articles promotionnels, cadeaux d&#039;affaires et objets publicitaires pour tous vos besoins marketing. Qualit\u00e9 sup\u00e9rieure et service personnalis\u00e9 garantis.\" \/>\n<meta name=\"robots\" content=\"index, follow, max-snippet:-1, max-image-preview:large, max-video-preview:-1\" \/>\n<link rel=\"canonical\" href=\"https:\/\/groupesynapse.ca\/fr\/products\/\" \/>\n<meta property=\"og:locale\" content=\"fr_CA\" \/>\n<meta property=\"og:type\" content=\"article\" \/>\n<meta property=\"og:title\" content=\"Products\" \/>\n<meta property=\"og:description\" content=\"Explorez notre vaste catalogue d&#039;articles promotionnels, cadeaux d&#039;affaires et objets publicitaires pour tous vos besoins marketing. Qualit\u00e9 sup\u00e9rieure et service personnalis\u00e9 garantis.\" \/>\n<meta property=\"og:url\" content=\"https:\/\/groupesynapse.ca\/fr\/products\/\" \/>\n<meta property=\"og:site_name\" content=\"Groupe Synapse\" \/>\n<meta property=\"article:publisher\" content=\"https:\/\/www.facebook.com\/p\/Groupe-Synapse-Inc-100063639607484\/\" \/>\n<meta property=\"article:modified_time\" content=\"2025-11-19T01:42:33+00:00\" \/>\n<meta property=\"og:image\" content=\"https:\/\/groupesynapse.ca\/wp-content\/uploads\/2025\/10\/Untitled-design-3.jpg\" \/>\n\t<meta property=\"og:image:width\" content=\"576\" \/>\n\t<meta property=\"og:image:height\" content=\"576\" \/>\n\t<meta property=\"og:image:type\" content=\"image\/jpeg\" \/>\n<meta name=\"twitter:card\" content=\"summary_large_image\" \/>\n<meta name=\"twitter:label1\" content=\"Estimation du temps de lecture\" \/>\n\t<meta name=\"twitter:data1\" content=\"3 minutes\" \/>\n<script type=\"application\/ld+json\" class=\"yoast-schema-graph\">{\"@context\":\"https:\\\/\\\/schema.org\",\"@graph\":[{\"@type\":\"WebPage\",\"@id\":\"https:\\\/\\\/groupesynapse.ca\\\/fr\\\/products\\\/\",\"url\":\"https:\\\/\\\/groupesynapse.ca\\\/fr\\\/products\\\/\",\"name\":\"Catalogue d'Articles Promotionnels & Cadeaux d'Affaires\",\"isPartOf\":{\"@id\":\"https:\\\/\\\/groupesynapse.ca\\\/fr\\\/#website\"},\"primaryImageOfPage\":{\"@id\":\"https:\\\/\\\/groupesynapse.ca\\\/fr\\\/products\\\/#primaryimage\"},\"image\":{\"@id\":\"https:\\\/\\\/groupesynapse.ca\\\/fr\\\/products\\\/#primaryimage\"},\"thumbnailUrl\":\"https:\\\/\\\/groupesynapse.ca\\\/wp-content\\\/uploads\\\/2025\\\/10\\\/Untitled-design-3.jpg\",\"datePublished\":\"2025-09-03T11:44:56+00:00\",\"dateModified\":\"2025-11-19T01:42:33+00:00\",\"description\":\"Explorez notre vaste catalogue d'articles promotionnels, cadeaux d'affaires et objets publicitaires pour tous vos besoins marketing. Qualit\u00e9 sup\u00e9rieure et service personnalis\u00e9 garantis.\",\"breadcrumb\":{\"@id\":\"https:\\\/\\\/groupesynapse.ca\\\/fr\\\/products\\\/#breadcrumb\"},\"inLanguage\":\"fr-CA\",\"potentialAction\":[{\"@type\":\"ReadAction\",\"target\":[\"https:\\\/\\\/groupesynapse.ca\\\/fr\\\/products\\\/\"]}]},{\"@type\":\"ImageObject\",\"inLanguage\":\"fr-CA\",\"@id\":\"https:\\\/\\\/groupesynapse.ca\\\/fr\\\/products\\\/#primaryimage\",\"url\":\"https:\\\/\\\/groupesynapse.ca\\\/wp-content\\\/uploads\\\/2025\\\/10\\\/Untitled-design-3.jpg\",\"contentUrl\":\"https:\\\/\\\/groupesynapse.ca\\\/wp-content\\\/uploads\\\/2025\\\/10\\\/Untitled-design-3.jpg\",\"width\":576,\"height\":576,\"caption\":\"Corporate Clothing\"},{\"@type\":\"BreadcrumbList\",\"@id\":\"https:\\\/\\\/groupesynapse.ca\\\/fr\\\/products\\\/#breadcrumb\",\"itemListElement\":[{\"@type\":\"ListItem\",\"position\":1,\"name\":\"Home\",\"item\":\"https:\\\/\\\/groupesynapse.ca\\\/\"},{\"@type\":\"ListItem\",\"position\":2,\"name\":\"Products\"}]},{\"@type\":\"WebSite\",\"@id\":\"https:\\\/\\\/groupesynapse.ca\\\/fr\\\/#website\",\"url\":\"https:\\\/\\\/groupesynapse.ca\\\/fr\\\/\",\"name\":\"Groupe Synapse\",\"description\":\"\",\"publisher\":{\"@id\":\"https:\\\/\\\/groupesynapse.ca\\\/fr\\\/#organization\"},\"potentialAction\":[{\"@type\":\"SearchAction\",\"target\":{\"@type\":\"EntryPoint\",\"urlTemplate\":\"https:\\\/\\\/groupesynapse.ca\\\/fr\\\/?s={search_term_string}\"},\"query-input\":{\"@type\":\"PropertyValueSpecification\",\"valueRequired\":true,\"valueName\":\"search_term_string\"}}],\"inLanguage\":\"fr-CA\"},{\"@type\":\"Organization\",\"@id\":\"https:\\\/\\\/groupesynapse.ca\\\/fr\\\/#organization\",\"name\":\"Groupe Synapse\",\"url\":\"https:\\\/\\\/groupesynapse.ca\\\/fr\\\/\",\"logo\":{\"@type\":\"ImageObject\",\"inLanguage\":\"fr-CA\",\"@id\":\"https:\\\/\\\/groupesynapse.ca\\\/fr\\\/#\\\/schema\\\/logo\\\/image\\\/\",\"url\":\"https:\\\/\\\/groupesynapse.ca\\\/wp-content\\\/uploads\\\/2025\\\/06\\\/imgi_1_final-logo-scaled-e1760942677884-1536x427-1.png\",\"contentUrl\":\"https:\\\/\\\/groupesynapse.ca\\\/wp-content\\\/uploads\\\/2025\\\/06\\\/imgi_1_final-logo-scaled-e1760942677884-1536x427-1.png\",\"width\":1536,\"height\":427,\"caption\":\"Groupe Synapse\"},\"image\":{\"@id\":\"https:\\\/\\\/groupesynapse.ca\\\/fr\\\/#\\\/schema\\\/logo\\\/image\\\/\"},\"sameAs\":[\"https:\\\/\\\/www.facebook.com\\\/p\\\/Groupe-Synapse-Inc-100063639607484\\\/\",\"https:\\\/\\\/www.instagram.com\\\/groupesynapse\\\/\",\"https:\\\/\\\/ca.linkedin.com\\\/company\\\/groupe-synapse\"]}]}<\/script>\n<!-- \/ Yoast SEO Premium plugin. -->","yoast_head_json":{"title":"Catalogue d'Articles Promotionnels & Cadeaux d'Affaires","description":"Explorez notre vaste catalogue d'articles promotionnels, cadeaux d'affaires et objets publicitaires pour tous vos besoins marketing. Qualit\u00e9 sup\u00e9rieure et service personnalis\u00e9 garantis.","robots":{"index":"index","follow":"follow","max-snippet":"max-snippet:-1","max-image-preview":"max-image-preview:large","max-video-preview":"max-video-preview:-1"},"canonical":"https:\/\/groupesynapse.ca\/fr\/products\/","og_locale":"fr_CA","og_type":"article","og_title":"Products","og_description":"Explorez notre vaste catalogue d'articles promotionnels, cadeaux d'affaires et objets publicitaires pour tous vos besoins marketing. Qualit\u00e9 sup\u00e9rieure et service personnalis\u00e9 garantis.","og_url":"https:\/\/groupesynapse.ca\/fr\/products\/","og_site_name":"Groupe Synapse","article_publisher":"https:\/\/www.facebook.com\/p\/Groupe-Synapse-Inc-100063639607484\/","article_modified_time":"2025-11-19T01:42:33+00:00","og_image":[{"width":576,"height":576,"url":"https:\/\/groupesynapse.ca\/wp-content\/uploads\/2025\/10\/Untitled-design-3.jpg","type":"image\/jpeg"}],"twitter_card":"summary_large_image","twitter_misc":{"Estimation du temps de lecture":"3 minutes"},"schema":{"@context":"https:\/\/schema.org","@graph":[{"@type":"WebPage","@id":"https:\/\/groupesynapse.ca\/fr\/products\/","url":"https:\/\/groupesynapse.ca\/fr\/products\/","name":"Catalogue d'Articles Promotionnels & Cadeaux d'Affaires","isPartOf":{"@id":"https:\/\/groupesynapse.ca\/fr\/#website"},"primaryImageOfPage":{"@id":"https:\/\/groupesynapse.ca\/fr\/products\/#primaryimage"},"image":{"@id":"https:\/\/groupesynapse.ca\/fr\/products\/#primaryimage"},"thumbnailUrl":"https:\/\/groupesynapse.ca\/wp-content\/uploads\/2025\/10\/Untitled-design-3.jpg","datePublished":"2025-09-03T11:44:56+00:00","dateModified":"2025-11-19T01:42:33+00:00","description":"Explorez notre vaste catalogue d'articles promotionnels, cadeaux d'affaires et objets publicitaires pour tous vos besoins marketing. Qualit\u00e9 sup\u00e9rieure et service personnalis\u00e9 garantis.","breadcrumb":{"@id":"https:\/\/groupesynapse.ca\/fr\/products\/#breadcrumb"},"inLanguage":"fr-CA","potentialAction":[{"@type":"ReadAction","target":["https:\/\/groupesynapse.ca\/fr\/products\/"]}]},{"@type":"ImageObject","inLanguage":"fr-CA","@id":"https:\/\/groupesynapse.ca\/fr\/products\/#primaryimage","url":"https:\/\/groupesynapse.ca\/wp-content\/uploads\/2025\/10\/Untitled-design-3.jpg","contentUrl":"https:\/\/groupesynapse.ca\/wp-content\/uploads\/2025\/10\/Untitled-design-3.jpg","width":576,"height":576,"caption":"Corporate Clothing"},{"@type":"BreadcrumbList","@id":"https:\/\/groupesynapse.ca\/fr\/products\/#breadcrumb","itemListElement":[{"@type":"ListItem","position":1,"name":"Home","item":"https:\/\/groupesynapse.ca\/"},{"@type":"ListItem","position":2,"name":"Products"}]},{"@type":"WebSite","@id":"https:\/\/groupesynapse.ca\/fr\/#website","url":"https:\/\/groupesynapse.ca\/fr\/","name":"Groupe Synapse","description":"","publisher":{"@id":"https:\/\/groupesynapse.ca\/fr\/#organization"},"potentialAction":[{"@type":"SearchAction","target":{"@type":"EntryPoint","urlTemplate":"https:\/\/groupesynapse.ca\/fr\/?s={search_term_string}"},"query-input":{"@type":"PropertyValueSpecification","valueRequired":true,"valueName":"search_term_string"}}],"inLanguage":"fr-CA"},{"@type":"Organization","@id":"https:\/\/groupesynapse.ca\/fr\/#organization","name":"Groupe Synapse","url":"https:\/\/groupesynapse.ca\/fr\/","logo":{"@type":"ImageObject","inLanguage":"fr-CA","@id":"https:\/\/groupesynapse.ca\/fr\/#\/schema\/logo\/image\/","url":"https:\/\/groupesynapse.ca\/wp-content\/uploads\/2025\/06\/imgi_1_final-logo-scaled-e1760942677884-1536x427-1.png","contentUrl":"https:\/\/groupesynapse.ca\/wp-content\/uploads\/2025\/06\/imgi_1_final-logo-scaled-e1760942677884-1536x427-1.png","width":1536,"height":427,"caption":"Groupe Synapse"},"image":{"@id":"https:\/\/groupesynapse.ca\/fr\/#\/schema\/logo\/image\/"},"sameAs":["https:\/\/www.facebook.com\/p\/Groupe-Synapse-Inc-100063639607484\/","https:\/\/www.instagram.com\/groupesynapse\/","https:\/\/ca.linkedin.com\/company\/groupe-synapse"]}]}},"_links":{"self":[{"href":"https:\/\/groupesynapse.ca\/fr\/wp-json\/wp\/v2\/pages\/1869","targetHints":{"allow":["GET"]}}],"collection":[{"href":"https:\/\/groupesynapse.ca\/fr\/wp-json\/wp\/v2\/pages"}],"about":[{"href":"https:\/\/groupesynapse.ca\/fr\/wp-json\/wp\/v2\/types\/page"}],"author":[{"embeddable":true,"href":"https:\/\/groupesynapse.ca\/fr\/wp-json\/wp\/v2\/users\/1"}],"replies":[{"embeddable":true,"href":"https:\/\/groupesynapse.ca\/fr\/wp-json\/wp\/v2\/comments?post=1869"}],"version-history":[{"count":176,"href":"https:\/\/groupesynapse.ca\/fr\/wp-json\/wp\/v2\/pages\/1869\/revisions"}],"predecessor-version":[{"id":7275,"href":"https:\/\/groupesynapse.ca\/fr\/wp-json\/wp\/v2\/pages\/1869\/revisions\/7275"}],"wp:featuredmedia":[{"embeddable":true,"href":"https:\/\/groupesynapse.ca\/fr\/wp-json\/wp\/v2\/media\/4612"}],"wp:attachment":[{"href":"https:\/\/groupesynapse.ca\/fr\/wp-json\/wp\/v2\/media?parent=1869"}],"curies":[{"name":"wp","href":"https:\/\/api.w.org\/{rel}","templated":true}]}}